{"id":495,"date":"2017-04-14T10:57:16","date_gmt":"2017-04-14T08:57:16","guid":{"rendered":"https:\/\/schafberg.net\/?page_id=495\/"},"modified":"2023-03-08T14:11:47","modified_gmt":"2023-03-08T13:11:47","slug":"senderismo","status":"publish","type":"page","link":"https:\/\/schafberg.net\/es\/senderismo\/","title":{"rendered":"senderismo"},"content":{"rendered":"<div class=\"wpb-content-wrapper\"><p>[vc_row][vc_column][vc_column_text]<\/p>\n<h2>El camino a la meta:<\/h2>\n<p>Todos aquellos que quieran subir a pie a la cima del monte Schafberg tienen diferentes posibilidades de acceso.<\/p>\n<p><strong>Ascenso de St. Wolfgang:<\/strong><br \/>\nDesde la estaci\u00f3n ferroviaria del valle se camina a lo largo del paseo Sternallee pasando por F\u00f6rsterhof hasta doblar a la derecha por el camino que va al merendero \u00abJausenstation Aschinger\u00bb.<!--more--><br \/>\nSe sigue por el camino ancho por el bosque subiendo hasta pasar por Dorneralm y se sigue hasta Schafbergalm.<br \/>\nDesde aqu\u00ed y tras cruzar una vez las v\u00edas lleva el camino marcado n.\u00b0 20 por un terreno completamente despejado cuesta arriba hasta la cima.<br \/>\n(Se necesita buen calzado)<br \/>\n<span style=\"text-decoration: underline;\">Tiempo de marcha: Ascenso: aprox. 3 h.<\/span><\/p>\n<p><strong>Ascenso de St. Wolfgang por el lago M\u00f6nichsee:<\/strong><br \/>\nDesde la Iglesia se va un breve tramo en direcci\u00f3n a la oficina de correos (Post) y luego se sube a la derecha en direcci\u00f3n a Kalvarienberg.<br \/>\nPoco antes se va por el camino n.\u00b0 25 y luego se sigue por el bosque en direcci\u00f3n Auerriesenalm.<br \/>\nSe contin\u00faa por un estrecho sendero hacia el lago M\u00f6nichsee ubicado a 1300 m de altitud.<br \/>\nEn el cruce de caminos comienza a la izquierda el sendero Purtschellersteig que cruza al principio una ladera muy pronunciada y que lleva luego por una pared rocosa muy escarpada (aseguramiento con cables) hasta la entrada de una cueva.<br \/>\nInmediatamente despu\u00e9s de \u00e9sta se divide el sendero y el camino de la derecha asciende con gran pendiente hasta la cima del monte Schafberg.<br \/>\n(Es imprescindiblemente necesario llevar buen equipo de monta\u00f1a)<br \/>\n<span style=\"text-decoration: underline;\">Tiempo de marcha: Ascenso: aprox. 4 h.<\/span><\/p>\n<p><strong>Ascenso de St. Gilgen:<\/strong><br \/>\nDesde la Iglesia se sale caminando hacia el norte por la carretera del lago Mondsee hacia la carretera nacional.<br \/>\nSe cruza \u00e9sta y tras un breve tramo de ascensos y descensos vuelve a cruzarse la carretera nacional y se llega a la poblaci\u00f3n Winkl desde donde se sigue a la derecha por un camino estrecho hasta el mes\u00f3n \u00abWaldschenke\u00bb.<br \/>\nDesde all\u00ed lleva el camino n.\u00b0 804 a Schafbergalm.<br \/>\nDesde Schafbergalm sigue el camino n.\u00b0 20 hasta la cima.<br \/>\n(Se necesita buen calzado)<br \/>\n<span style=\"text-decoration: underline;\">Tiempo de marcha: Ascenso: aprox. 3 h.<\/span>[\/vc_column_text][\/vc_column][\/vc_row]<\/p>\n<\/div>","protected":false},"excerpt":{"rendered":"<p>[vc_row][vc_column][vc_column_text] El camino a la meta: Todos aquellos que quieran subir a pie a la cima del monte Schafberg tienen diferentes posibilidades de acceso. Ascenso de St. Wolfgang: Desde la estaci\u00f3n ferroviaria del valle se camina a lo largo del paseo Sternallee pasando por F\u00f6rsterhof hasta doblar a la derecha por el camino que va [&hellip;]<\/p>\n","protected":false},"author":3,"featured_media":211,"parent":0,"menu_order":0,"comment_status":"closed","ping_status":"closed","template":"","meta":{"footnotes":""},"class_list":["post-495","page","type-page","status-publish","has-post-thumbnail","hentry"],"yoast_head":"<title>senderismo &#8226; Hotel Schafbergspitze<\/title>\n<meta name=\"robots\" content=\"index, follow, max-snippet:-1, max-image-preview:large, max-video-preview:-1\" \/>\n<link rel=\"canonical\" href=\"https:\/\/schafberg.net\/es\/senderismo\/\" \/>\n<meta property=\"og:locale\" content=\"es_ES\" \/>\n<meta property=\"og:type\" content=\"article\" \/>\n<meta property=\"og:title\" content=\"2\" \/>\n<meta property=\"og:description\" content=\"[vc_row][vc_column][vc_column_text] El camino a la meta: Todos aquellos que quieran subir a pie a la cima del monte Schafberg tienen diferentes posibilidades de acceso. Ascenso de St. Wolfgang: Desde la estaci\u00f3n ferroviaria del valle se camina a lo largo del paseo Sternallee pasando por F\u00f6rsterhof hasta doblar a la derecha por el camino que va [&hellip;]\" \/>\n<meta property=\"og:url\" content=\"https:\/\/schafberg.net\/es\/senderismo\/\" \/>\n<meta property=\"og:site_name\" content=\"Hotel Schafbergspitze\" \/>\n<meta property=\"article:modified_time\" content=\"2023-03-08T13:11:47+00:00\" \/>\n<meta property=\"og:image\" content=\"https:\/\/schafberg.net\/wp-content\/uploads\/2016\/07\/Schafberg-3.jpg\" \/>\n\t<meta property=\"og:image:width\" content=\"1960\" \/>\n\t<meta property=\"og:image:height\" content=\"1225\" \/>\n\t<meta property=\"og:image:type\" content=\"image\/jpeg\" \/>\n<meta name=\"twitter:card\" content=\"summary_large_image\" \/>\n<meta name=\"twitter:label1\" content=\"Tiempo de lectura\" \/>\n\t<meta name=\"twitter:data1\" content=\"2 minutos\" \/>\n<script type=\"application\/ld+json\" class=\"yoast-schema-graph\">{\"@context\":\"https:\/\/schema.org\",\"@graph\":[{\"@type\":\"WebPage\",\"@id\":\"https:\/\/schafberg.net\/es\/senderismo\/\",\"url\":\"https:\/\/schafberg.net\/es\/senderismo\/\",\"name\":\"senderismo &#8226; Hotel Schafbergspitze\",\"isPartOf\":{\"@id\":\"https:\/\/schafberg.net\/#website\"},\"primaryImageOfPage\":{\"@id\":\"https:\/\/schafberg.net\/es\/senderismo\/#primaryimage\"},\"image\":{\"@id\":\"https:\/\/schafberg.net\/es\/senderismo\/#primaryimage\"},\"thumbnailUrl\":\"https:\/\/schafberg.net\/wp-content\/uploads\/2016\/07\/Schafberg-3.jpg\",\"datePublished\":\"2017-04-14T08:57:16+00:00\",\"dateModified\":\"2023-03-08T13:11:47+00:00\",\"breadcrumb\":{\"@id\":\"https:\/\/schafberg.net\/es\/senderismo\/#breadcrumb\"},\"inLanguage\":\"es\",\"potentialAction\":[{\"@type\":\"ReadAction\",\"target\":[\"https:\/\/schafberg.net\/es\/senderismo\/\"]}]},{\"@type\":\"ImageObject\",\"inLanguage\":\"es\",\"@id\":\"https:\/\/schafberg.net\/es\/senderismo\/#primaryimage\",\"url\":\"https:\/\/schafberg.net\/wp-content\/uploads\/2016\/07\/Schafberg-3.jpg\",\"contentUrl\":\"https:\/\/schafberg.net\/wp-content\/uploads\/2016\/07\/Schafberg-3.jpg\",\"width\":1960,\"height\":1225},{\"@type\":\"BreadcrumbList\",\"@id\":\"https:\/\/schafberg.net\/es\/senderismo\/#breadcrumb\",\"itemListElement\":[{\"@type\":\"ListItem\",\"position\":1,\"name\":\"Home\",\"item\":\"https:\/\/schafberg.net\/es\/\"},{\"@type\":\"ListItem\",\"position\":2,\"name\":\"senderismo\"}]},{\"@type\":\"WebSite\",\"@id\":\"https:\/\/schafberg.net\/#website\",\"url\":\"https:\/\/schafberg.net\/\",\"name\":\"Hotel Schafbergspitze\",\"description\":\"\",\"publisher\":{\"@id\":\"https:\/\/schafberg.net\/#organization\"},\"potentialAction\":[{\"@type\":\"SearchAction\",\"target\":{\"@type\":\"EntryPoint\",\"urlTemplate\":\"https:\/\/schafberg.net\/?s={search_term_string}\"},\"query-input\":{\"@type\":\"PropertyValueSpecification\",\"valueRequired\":true,\"valueName\":\"search_term_string\"}}],\"inLanguage\":\"es\"},{\"@type\":\"Organization\",\"@id\":\"https:\/\/schafberg.net\/#organization\",\"name\":\"Hotel Schafbergspitze\",\"url\":\"https:\/\/schafberg.net\/\",\"logo\":{\"@type\":\"ImageObject\",\"inLanguage\":\"es\",\"@id\":\"https:\/\/schafberg.net\/#\/schema\/logo\/image\/\",\"url\":\"https:\/\/schafberg.net\/wp-content\/uploads\/2016\/07\/cropped-IMG_1188.jpg\",\"contentUrl\":\"https:\/\/schafberg.net\/wp-content\/uploads\/2016\/07\/cropped-IMG_1188.jpg\",\"width\":512,\"height\":512,\"caption\":\"Hotel Schafbergspitze\"},\"image\":{\"@id\":\"https:\/\/schafberg.net\/#\/schema\/logo\/image\/\"}}]}<\/script>","yoast_head_json":{"title":"senderismo &#8226; Hotel Schafbergspitze","robots":{"index":"index","follow":"follow","max-snippet":"max-snippet:-1","max-image-preview":"max-image-preview:large","max-video-preview":"max-video-preview:-1"},"canonical":"https:\/\/schafberg.net\/es\/senderismo\/","og_locale":"es_ES","og_type":"article","og_title":"2","og_description":"[vc_row][vc_column][vc_column_text] El camino a la meta: Todos aquellos que quieran subir a pie a la cima del monte Schafberg tienen diferentes posibilidades de acceso. Ascenso de St. Wolfgang: Desde la estaci\u00f3n ferroviaria del valle se camina a lo largo del paseo Sternallee pasando por F\u00f6rsterhof hasta doblar a la derecha por el camino que va [&hellip;]","og_url":"https:\/\/schafberg.net\/es\/senderismo\/","og_site_name":"Hotel Schafbergspitze","article_modified_time":"2023-03-08T13:11:47+00:00","og_image":[{"width":1960,"height":1225,"url":"https:\/\/schafberg.net\/wp-content\/uploads\/2016\/07\/Schafberg-3.jpg","type":"image\/jpeg"}],"twitter_card":"summary_large_image","twitter_misc":{"Tiempo de lectura":"2 minutos"},"schema":{"@context":"https:\/\/schema.org","@graph":[{"@type":"WebPage","@id":"https:\/\/schafberg.net\/es\/senderismo\/","url":"https:\/\/schafberg.net\/es\/senderismo\/","name":"senderismo &#8226; Hotel Schafbergspitze","isPartOf":{"@id":"https:\/\/schafberg.net\/#website"},"primaryImageOfPage":{"@id":"https:\/\/schafberg.net\/es\/senderismo\/#primaryimage"},"image":{"@id":"https:\/\/schafberg.net\/es\/senderismo\/#primaryimage"},"thumbnailUrl":"https:\/\/schafberg.net\/wp-content\/uploads\/2016\/07\/Schafberg-3.jpg","datePublished":"2017-04-14T08:57:16+00:00","dateModified":"2023-03-08T13:11:47+00:00","breadcrumb":{"@id":"https:\/\/schafberg.net\/es\/senderismo\/#breadcrumb"},"inLanguage":"es","potentialAction":[{"@type":"ReadAction","target":["https:\/\/schafberg.net\/es\/senderismo\/"]}]},{"@type":"ImageObject","inLanguage":"es","@id":"https:\/\/schafberg.net\/es\/senderismo\/#primaryimage","url":"https:\/\/schafberg.net\/wp-content\/uploads\/2016\/07\/Schafberg-3.jpg","contentUrl":"https:\/\/schafberg.net\/wp-content\/uploads\/2016\/07\/Schafberg-3.jpg","width":1960,"height":1225},{"@type":"BreadcrumbList","@id":"https:\/\/schafberg.net\/es\/senderismo\/#breadcrumb","itemListElement":[{"@type":"ListItem","position":1,"name":"Home","item":"https:\/\/schafberg.net\/es\/"},{"@type":"ListItem","position":2,"name":"senderismo"}]},{"@type":"WebSite","@id":"https:\/\/schafberg.net\/#website","url":"https:\/\/schafberg.net\/","name":"Hotel Schafbergspitze","description":"","publisher":{"@id":"https:\/\/schafberg.net\/#organization"},"potentialAction":[{"@type":"SearchAction","target":{"@type":"EntryPoint","urlTemplate":"https:\/\/schafberg.net\/?s={search_term_string}"},"query-input":{"@type":"PropertyValueSpecification","valueRequired":true,"valueName":"search_term_string"}}],"inLanguage":"es"},{"@type":"Organization","@id":"https:\/\/schafberg.net\/#organization","name":"Hotel Schafbergspitze","url":"https:\/\/schafberg.net\/","logo":{"@type":"ImageObject","inLanguage":"es","@id":"https:\/\/schafberg.net\/#\/schema\/logo\/image\/","url":"https:\/\/schafberg.net\/wp-content\/uploads\/2016\/07\/cropped-IMG_1188.jpg","contentUrl":"https:\/\/schafberg.net\/wp-content\/uploads\/2016\/07\/cropped-IMG_1188.jpg","width":512,"height":512,"caption":"Hotel Schafbergspitze"},"image":{"@id":"https:\/\/schafberg.net\/#\/schema\/logo\/image\/"}}]}},"_links":{"self":[{"href":"https:\/\/schafberg.net\/es\/wp-json\/wp\/v2\/pages\/495","targetHints":{"allow":["GET"]}}],"collection":[{"href":"https:\/\/schafberg.net\/es\/wp-json\/wp\/v2\/pages"}],"about":[{"href":"https:\/\/schafberg.net\/es\/wp-json\/wp\/v2\/types\/page"}],"author":[{"embeddable":true,"href":"https:\/\/schafberg.net\/es\/wp-json\/wp\/v2\/users\/3"}],"replies":[{"embeddable":true,"href":"https:\/\/schafberg.net\/es\/wp-json\/wp\/v2\/comments?post=495"}],"version-history":[{"count":1,"href":"https:\/\/schafberg.net\/es\/wp-json\/wp\/v2\/pages\/495\/revisions"}],"predecessor-version":[{"id":1082,"href":"https:\/\/schafberg.net\/es\/wp-json\/wp\/v2\/pages\/495\/revisions\/1082"}],"wp:featuredmedia":[{"embeddable":true,"href":"https:\/\/schafberg.net\/es\/wp-json\/wp\/v2\/media\/211"}],"wp:attachment":[{"href":"https:\/\/schafberg.net\/es\/wp-json\/wp\/v2\/media?parent=495"}],"curies":[{"name":"wp","href":"https:\/\/api.w.org\/{rel}","templated":true}]}}