{"id":511,"date":"2017-04-14T11:26:00","date_gmt":"2017-04-14T09:26:00","guid":{"rendered":"https:\/\/schafberg.net\/?page_id=511\/"},"modified":"2023-03-08T14:20:33","modified_gmt":"2023-03-08T13:20:33","slug":"contacto","status":"publish","type":"page","link":"https:\/\/schafberg.net\/es\/contacto\/","title":{"rendered":"Libro \/ Contacto"},"content":{"rendered":"<div class=\"wpb-content-wrapper\"><p>[vc_row][vc_column][vc_column_text]<b>\u00a1Gracias por su inter\u00e9s en nuestra casa, pase una noche inolvidable en nuestro acogedor hotel y conc\u00e9ntrese en lo esencial!<\/b><\/p>\n<p>Para evitar correspondencia innecesaria, le rogamos que se ponga en contacto con nosotros por tel\u00e9fono para consultas sobre alojamiento o reserva de mesas durante la temporada: <a href=\"tel:+43 6138 3542\"><b>+43 6138 3542<\/b><\/a> (<u>nuestra oficina est\u00e1 a su disposici\u00f3n de 08:30 a 11:00 y de 16:00 &#8211; 20:00 Eliminaci\u00f3n<\/u>).<br \/>\nAlternativamente, tambi\u00e9n nos complace estar a su disposici\u00f3n por correo electr\u00f3nico en: <a href=\"mailto:harald_pasch@a1.net\">harald_pasch@a1.net<\/a><\/p>\n<p>Ind\u00edquenos las fechas deseadas de llegada y salida y el n\u00famero de adultos\/ni\u00f1os.<\/p>\n<p><span style=\"color: #ff0000;\">El pago se realiza (excepto para la oferta combinada \u00abSchafbergarrangements\u00bb) exclusivamente en EFECTIVO en la recepci\u00f3n del Berghotel.<br \/>\n<\/span><\/p>\n<p><span style=\"color: #ff0000;\">\u00a1Est\u00e1 prohibido cocinar en la habitaci\u00f3n por razones de seguridad contra incendios!<\/span><\/p>\n<p>&nbsp;<\/p>\n<p>Saludos desde la monta\u00f1a<\/p>\n<p>Su equipo \/ familia Schafberg Pasch[\/vc_column_text][\/vc_column][\/vc_row][vc_row disable_element=\u00bbyes\u00bb][vc_column][vc_column_text][contact-form-7 id=\u00bb514&#8243; title=\u00bbcontacto form raw\u00bb][\/vc_column_text][vc_empty_space][\/vc_column][\/vc_row][vc_row][\/vc_row][vc_column][\/vc_column][vc_gmaps link=\u00bb#E-8_JTNDaWZyYW1lJTIwc3JjJTNEJTIyaHR0cHMlM0ElMkYlMkZ3d3cuZ29vZ2xlLmNvbSUyRm1hcHMlMkZlbWJlZCUzRnBiJTNEJTIxMW0xOCUyMTFtMTIlMjExbTMlMjExZDg1NzM4LjY2OTE5ODUwMTglMjEyZDEzLjM3MjUzNzg5MjI4Njc4NCUyMTNkNDcuNzc2MjY2NzAwMDAwMDElMjEybTMlMjExZjAlMjEyZjAlMjEzZjAlMjEzbTIlMjExaTEwMjQlMjEyaTc2OCUyMTRmMTMuMSUyMTNtMyUyMTFtMiUyMTFzMHgwJTI1M0EweDE4OGNjZTRkZDA4M2Y3MGQlMjEyc0hvdGVsJTJCU2NoYWZiZXJnc3BpdHplJTIxNWUwJTIxM20yJTIxMXNkZSUyMTJzYXQlMjE0djE0Njk4NzIxMjA2MDclMjIlMjB3aWR0aCUzRCUyMjEwMCUyNSUyMiUyMGhlaWdodCUzRCUyMjUwMCUyMiUyMGZyYW1lYm9yZGVyJTNEJTIyMCUyMiUyMHN0eWxlJTNEJTIyYm9yZGVyJTNBMCUyMiUyMGFsbG93ZnVsbHNjcmVlbiUzRSUzQyUyRmlmcmFtZSUzRQ==\u00bb]<\/p>\n<\/div>","protected":false},"excerpt":{"rendered":"<p>[vc_row][vc_column][vc_column_text]\u00a1Gracias por su inter\u00e9s en nuestra casa, pase una noche inolvidable en nuestro acogedor hotel y conc\u00e9ntrese en lo esencial! Para evitar correspondencia innecesaria, le rogamos que se ponga en contacto con nosotros por tel\u00e9fono para consultas sobre alojamiento o reserva de mesas durante la temporada: +43 6138 3542 (nuestra oficina est\u00e1 a su disposici\u00f3n [&hellip;]<\/p>\n","protected":false},"author":3,"featured_media":0,"parent":0,"menu_order":1,"comment_status":"closed","ping_status":"closed","template":"","meta":{"footnotes":""},"class_list":["post-511","page","type-page","status-publish","hentry"],"yoast_head":"<title>Libro \/ Contacto &#8226; Hotel Schafbergspitze<\/title>\n<meta name=\"robots\" content=\"index, follow, max-snippet:-1, max-image-preview:large, max-video-preview:-1\" \/>\n<link rel=\"canonical\" href=\"https:\/\/schafberg.net\/es\/contacto\/\" \/>\n<meta property=\"og:locale\" content=\"es_ES\" \/>\n<meta property=\"og:type\" content=\"article\" \/>\n<meta property=\"og:title\" content=\"1\" \/>\n<meta property=\"og:description\" content=\"[vc_row][vc_column][vc_column_text]\u00a1Gracias por su inter\u00e9s en nuestra casa, pase una noche inolvidable en nuestro acogedor hotel y conc\u00e9ntrese en lo esencial! Para evitar correspondencia innecesaria, le rogamos que se ponga en contacto con nosotros por tel\u00e9fono para consultas sobre alojamiento o reserva de mesas durante la temporada: +43 6138 3542 (nuestra oficina est\u00e1 a su disposici\u00f3n [&hellip;]\" \/>\n<meta property=\"og:url\" content=\"https:\/\/schafberg.net\/es\/contacto\/\" \/>\n<meta property=\"og:site_name\" content=\"Hotel Schafbergspitze\" \/>\n<meta property=\"article:modified_time\" content=\"2023-03-08T13:20:33+00:00\" \/>\n<meta name=\"twitter:card\" content=\"summary_large_image\" \/>\n<meta name=\"twitter:label1\" content=\"Tiempo de lectura\" \/>\n\t<meta name=\"twitter:data1\" content=\"1 minuto\" \/>\n<script type=\"application\/ld+json\" class=\"yoast-schema-graph\">{\"@context\":\"https:\/\/schema.org\",\"@graph\":[{\"@type\":\"WebPage\",\"@id\":\"https:\/\/schafberg.net\/es\/contacto\/\",\"url\":\"https:\/\/schafberg.net\/es\/contacto\/\",\"name\":\"Libro \/ Contacto &#8226; Hotel Schafbergspitze\",\"isPartOf\":{\"@id\":\"https:\/\/schafberg.net\/#website\"},\"datePublished\":\"2017-04-14T09:26:00+00:00\",\"dateModified\":\"2023-03-08T13:20:33+00:00\",\"breadcrumb\":{\"@id\":\"https:\/\/schafberg.net\/es\/contacto\/#breadcrumb\"},\"inLanguage\":\"es\",\"potentialAction\":[{\"@type\":\"ReadAction\",\"target\":[\"https:\/\/schafberg.net\/es\/contacto\/\"]}]},{\"@type\":\"BreadcrumbList\",\"@id\":\"https:\/\/schafberg.net\/es\/contacto\/#breadcrumb\",\"itemListElement\":[{\"@type\":\"ListItem\",\"position\":1,\"name\":\"Home\",\"item\":\"https:\/\/schafberg.net\/es\/\"},{\"@type\":\"ListItem\",\"position\":2,\"name\":\"Libro \/ Contacto\"}]},{\"@type\":\"WebSite\",\"@id\":\"https:\/\/schafberg.net\/#website\",\"url\":\"https:\/\/schafberg.net\/\",\"name\":\"Hotel Schafbergspitze\",\"description\":\"\",\"publisher\":{\"@id\":\"https:\/\/schafberg.net\/#organization\"},\"potentialAction\":[{\"@type\":\"SearchAction\",\"target\":{\"@type\":\"EntryPoint\",\"urlTemplate\":\"https:\/\/schafberg.net\/?s={search_term_string}\"},\"query-input\":{\"@type\":\"PropertyValueSpecification\",\"valueRequired\":true,\"valueName\":\"search_term_string\"}}],\"inLanguage\":\"es\"},{\"@type\":\"Organization\",\"@id\":\"https:\/\/schafberg.net\/#organization\",\"name\":\"Hotel Schafbergspitze\",\"url\":\"https:\/\/schafberg.net\/\",\"logo\":{\"@type\":\"ImageObject\",\"inLanguage\":\"es\",\"@id\":\"https:\/\/schafberg.net\/#\/schema\/logo\/image\/\",\"url\":\"https:\/\/schafberg.net\/wp-content\/uploads\/2016\/07\/cropped-IMG_1188.jpg\",\"contentUrl\":\"https:\/\/schafberg.net\/wp-content\/uploads\/2016\/07\/cropped-IMG_1188.jpg\",\"width\":512,\"height\":512,\"caption\":\"Hotel Schafbergspitze\"},\"image\":{\"@id\":\"https:\/\/schafberg.net\/#\/schema\/logo\/image\/\"}}]}<\/script>","yoast_head_json":{"title":"Libro \/ Contacto &#8226; Hotel Schafbergspitze","robots":{"index":"index","follow":"follow","max-snippet":"max-snippet:-1","max-image-preview":"max-image-preview:large","max-video-preview":"max-video-preview:-1"},"canonical":"https:\/\/schafberg.net\/es\/contacto\/","og_locale":"es_ES","og_type":"article","og_title":"1","og_description":"[vc_row][vc_column][vc_column_text]\u00a1Gracias por su inter\u00e9s en nuestra casa, pase una noche inolvidable en nuestro acogedor hotel y conc\u00e9ntrese en lo esencial! Para evitar correspondencia innecesaria, le rogamos que se ponga en contacto con nosotros por tel\u00e9fono para consultas sobre alojamiento o reserva de mesas durante la temporada: +43 6138 3542 (nuestra oficina est\u00e1 a su disposici\u00f3n [&hellip;]","og_url":"https:\/\/schafberg.net\/es\/contacto\/","og_site_name":"Hotel Schafbergspitze","article_modified_time":"2023-03-08T13:20:33+00:00","twitter_card":"summary_large_image","twitter_misc":{"Tiempo de lectura":"1 minuto"},"schema":{"@context":"https:\/\/schema.org","@graph":[{"@type":"WebPage","@id":"https:\/\/schafberg.net\/es\/contacto\/","url":"https:\/\/schafberg.net\/es\/contacto\/","name":"Libro \/ Contacto &#8226; Hotel Schafbergspitze","isPartOf":{"@id":"https:\/\/schafberg.net\/#website"},"datePublished":"2017-04-14T09:26:00+00:00","dateModified":"2023-03-08T13:20:33+00:00","breadcrumb":{"@id":"https:\/\/schafberg.net\/es\/contacto\/#breadcrumb"},"inLanguage":"es","potentialAction":[{"@type":"ReadAction","target":["https:\/\/schafberg.net\/es\/contacto\/"]}]},{"@type":"BreadcrumbList","@id":"https:\/\/schafberg.net\/es\/contacto\/#breadcrumb","itemListElement":[{"@type":"ListItem","position":1,"name":"Home","item":"https:\/\/schafberg.net\/es\/"},{"@type":"ListItem","position":2,"name":"Libro \/ Contacto"}]},{"@type":"WebSite","@id":"https:\/\/schafberg.net\/#website","url":"https:\/\/schafberg.net\/","name":"Hotel Schafbergspitze","description":"","publisher":{"@id":"https:\/\/schafberg.net\/#organization"},"potentialAction":[{"@type":"SearchAction","target":{"@type":"EntryPoint","urlTemplate":"https:\/\/schafberg.net\/?s={search_term_string}"},"query-input":{"@type":"PropertyValueSpecification","valueRequired":true,"valueName":"search_term_string"}}],"inLanguage":"es"},{"@type":"Organization","@id":"https:\/\/schafberg.net\/#organization","name":"Hotel Schafbergspitze","url":"https:\/\/schafberg.net\/","logo":{"@type":"ImageObject","inLanguage":"es","@id":"https:\/\/schafberg.net\/#\/schema\/logo\/image\/","url":"https:\/\/schafberg.net\/wp-content\/uploads\/2016\/07\/cropped-IMG_1188.jpg","contentUrl":"https:\/\/schafberg.net\/wp-content\/uploads\/2016\/07\/cropped-IMG_1188.jpg","width":512,"height":512,"caption":"Hotel Schafbergspitze"},"image":{"@id":"https:\/\/schafberg.net\/#\/schema\/logo\/image\/"}}]}},"_links":{"self":[{"href":"https:\/\/schafberg.net\/es\/wp-json\/wp\/v2\/pages\/511","targetHints":{"allow":["GET"]}}],"collection":[{"href":"https:\/\/schafberg.net\/es\/wp-json\/wp\/v2\/pages"}],"about":[{"href":"https:\/\/schafberg.net\/es\/wp-json\/wp\/v2\/types\/page"}],"author":[{"embeddable":true,"href":"https:\/\/schafberg.net\/es\/wp-json\/wp\/v2\/users\/3"}],"replies":[{"embeddable":true,"href":"https:\/\/schafberg.net\/es\/wp-json\/wp\/v2\/comments?post=511"}],"version-history":[{"count":2,"href":"https:\/\/schafberg.net\/es\/wp-json\/wp\/v2\/pages\/511\/revisions"}],"predecessor-version":[{"id":1243,"href":"https:\/\/schafberg.net\/es\/wp-json\/wp\/v2\/pages\/511\/revisions\/1243"}],"wp:attachment":[{"href":"https:\/\/schafberg.net\/es\/wp-json\/wp\/v2\/media?parent=511"}],"curies":[{"name":"wp","href":"https:\/\/api.w.org\/{rel}","templated":true}]}}